{"id":9271,"date":"2025-12-26T20:12:56","date_gmt":"2025-12-26T19:12:56","guid":{"rendered":"https:\/\/u-glisse.com\/?page_id=9271"},"modified":"2026-03-04T17:01:04","modified_gmt":"2026-03-04T16:01:04","slug":"sorties-la-grave","status":"publish","type":"page","link":"http:\/\/u-glisse.com\/en\/sorties-la-grave\/","title":{"rendered":"La Grave"},"content":{"rendered":"<div data-elementor-type=\"wp-page\" data-elementor-id=\"9271\" class=\"elementor elementor-9271\">\n\t\t\t\t\t\t<section class=\"elementor-section elementor-top-section elementor-element elementor-element-41bd136 elementor-section-boxed elementor-section-height-default elementor-section-height-default\" data-id=\"41bd136\" data-element_type=\"section\" data-e-type=\"section\">\n\t\t\t\t\t\t<div class=\"elementor-container elementor-column-gap-default\">\n\t\t\t\t\t<div class=\"elementor-column elementor-col-100 elementor-top-column elementor-element elementor-element-ced6c84\" data-id=\"ced6c84\" data-element_type=\"column\" data-e-type=\"column\">\n\t\t\t<div class=\"elementor-widget-wrap\">\n\t\t\t\t\t\t\t<\/div>\n\t\t<\/div>\n\t\t\t\t\t<\/div>\n\t\t<\/section>\n\t\t\t\t<section class=\"elementor-section elementor-top-section elementor-element elementor-element-800afb8 elementor-section-boxed elementor-section-height-default elementor-section-height-default\" data-id=\"800afb8\" data-element_type=\"section\" data-e-type=\"section\">\n\t\t\t\t\t\t<div class=\"elementor-container elementor-column-gap-default\">\n\t\t\t\t\t<div class=\"elementor-column elementor-col-100 elementor-top-column elementor-element elementor-element-466981b\" data-id=\"466981b\" data-element_type=\"column\" data-e-type=\"column\">\n\t\t\t<div class=\"elementor-widget-wrap elementor-element-populated\">\n\t\t\t\t\t\t<div class=\"elementor-element elementor-element-7c01e84 elementor-widget elementor-widget-heading\" data-id=\"7c01e84\" data-element_type=\"widget\" data-e-type=\"widget\" data-widget_type=\"heading.default\">\n\t\t\t\t<div class=\"elementor-widget-container\">\n\t\t\t\t\t<h2 class=\"elementor-heading-title elementor-size-default\">Sorties Freeride La Grave<\/h2>\t\t\t\t<\/div>\n\t\t\t\t<\/div>\n\t\t\t\t<div class=\"elementor-element elementor-element-64823ed elementor-widget elementor-widget-image\" data-id=\"64823ed\" data-element_type=\"widget\" data-e-type=\"widget\" data-widget_type=\"image.default\">\n\t\t\t\t<div class=\"elementor-widget-container\">\n\t\t\t\t\t\t\t\t\t\t\t\t\t\t\t<img fetchpriority=\"high\" decoding=\"async\" width=\"768\" height=\"1024\" src=\"http:\/\/u-glisse.com\/wp-content\/uploads\/2025\/12\/20250408_122222-min-768x1024.jpg\" class=\"attachment-large size-large wp-image-9287\" alt=\"T\u00e9l\u00e9cabine La Grave\" srcset=\"http:\/\/u-glisse.com\/wp-content\/uploads\/2025\/12\/20250408_122222-min-768x1024.jpg 768w, http:\/\/u-glisse.com\/wp-content\/uploads\/2025\/12\/20250408_122222-min-225x300.jpg 225w, http:\/\/u-glisse.com\/wp-content\/uploads\/2025\/12\/20250408_122222-min-1152x1536.jpg 1152w, http:\/\/u-glisse.com\/wp-content\/uploads\/2025\/12\/20250408_122222-min-1536x2048.jpg 1536w, http:\/\/u-glisse.com\/wp-content\/uploads\/2025\/12\/20250408_122222-min-9x12.jpg 9w, http:\/\/u-glisse.com\/wp-content\/uploads\/2025\/12\/20250408_122222-min-1000x1333.jpg 1000w, http:\/\/u-glisse.com\/wp-content\/uploads\/2025\/12\/20250408_122222-min-230x307.jpg 230w, http:\/\/u-glisse.com\/wp-content\/uploads\/2025\/12\/20250408_122222-min-350x467.jpg 350w, http:\/\/u-glisse.com\/wp-content\/uploads\/2025\/12\/20250408_122222-min-480x640.jpg 480w, http:\/\/u-glisse.com\/wp-content\/uploads\/2025\/12\/20250408_122222-min-scaled.jpg 1920w\" sizes=\"(max-width: 768px) 100vw, 768px\" \/>\t\t\t\t\t\t\t\t\t\t\t\t\t\t\t<\/div>\n\t\t\t\t<\/div>\n\t\t\t\t<div class=\"elementor-element elementor-element-0b67514 elementor-widget elementor-widget-image\" data-id=\"0b67514\" data-element_type=\"widget\" data-e-type=\"widget\" data-widget_type=\"image.default\">\n\t\t\t\t<div class=\"elementor-widget-container\">\n\t\t\t\t\t\t\t\t\t\t\t\t\t\t\t<img decoding=\"async\" width=\"1024\" height=\"1024\" src=\"http:\/\/u-glisse.com\/wp-content\/uploads\/2026\/03\/Planning-2025-2026-1024x1024.jpg\" class=\"attachment-large size-large wp-image-9505\" alt=\"Planning 2025-2026\" srcset=\"http:\/\/u-glisse.com\/wp-content\/uploads\/2026\/03\/Planning-2025-2026-1024x1024.jpg 1024w, http:\/\/u-glisse.com\/wp-content\/uploads\/2026\/03\/Planning-2025-2026-300x300.jpg 300w, http:\/\/u-glisse.com\/wp-content\/uploads\/2026\/03\/Planning-2025-2026-150x150.jpg 150w, http:\/\/u-glisse.com\/wp-content\/uploads\/2026\/03\/Planning-2025-2026-768x768.jpg 768w, http:\/\/u-glisse.com\/wp-content\/uploads\/2026\/03\/Planning-2025-2026-12x12.jpg 12w, http:\/\/u-glisse.com\/wp-content\/uploads\/2026\/03\/Planning-2025-2026-1000x1000.jpg 1000w, http:\/\/u-glisse.com\/wp-content\/uploads\/2026\/03\/Planning-2025-2026-230x230.jpg 230w, http:\/\/u-glisse.com\/wp-content\/uploads\/2026\/03\/Planning-2025-2026-350x350.jpg 350w, http:\/\/u-glisse.com\/wp-content\/uploads\/2026\/03\/Planning-2025-2026-480x480.jpg 480w, http:\/\/u-glisse.com\/wp-content\/uploads\/2026\/03\/Planning-2025-2026.jpg 1080w\" sizes=\"(max-width: 1024px) 100vw, 1024px\" \/>\t\t\t\t\t\t\t\t\t\t\t\t\t\t\t<\/div>\n\t\t\t\t<\/div>\n\t\t\t\t\t<\/div>\n\t\t<\/div>\n\t\t\t\t\t<\/div>\n\t\t<\/section>\n\t\t\t\t<section class=\"elementor-section elementor-top-section elementor-element elementor-element-c7cf59d elementor-section-boxed elementor-section-height-default elementor-section-height-default\" data-id=\"c7cf59d\" data-element_type=\"section\" data-e-type=\"section\">\n\t\t\t\t\t\t<div class=\"elementor-container elementor-column-gap-default\">\n\t\t\t\t\t<div class=\"elementor-column elementor-col-100 elementor-top-column elementor-element elementor-element-7cbbf1b\" data-id=\"7cbbf1b\" data-element_type=\"column\" data-e-type=\"column\">\n\t\t\t<div class=\"elementor-widget-wrap elementor-element-populated\">\n\t\t\t\t\t\t<div class=\"elementor-element elementor-element-c87a5b8 elementor-widget elementor-widget-text-editor\" data-id=\"c87a5b8\" data-element_type=\"widget\" data-e-type=\"widget\" data-widget_type=\"text-editor.default\">\n\t\t\t\t<div class=\"elementor-widget-container\">\n\t\t\t\t\t\t\t\t\t<p><span style=\"text-decoration: underline;\">CONDITIONS D&rsquo;INSCRIPTION<\/span><br \/>Pour vous inscrire aux sorties FREERIDE \u00e0 La Grave organis\u00e9es par U-GLISSE vous devez:<\/p><p>&#8211; Etre \u00e9tudiant-e \u00e0 l&rsquo;UGA, INP Grenoble ou IEP Grenoble<br \/>&#8211; Contacter Olivier (olivier.calliet@univ-grenoble-alpes.fr) et Nicolas (nicolas.piot@univ-grenoble-alpes.fr) pour valider votre niveau.<\/p><p>Pour information, il faut \u00eatre \u00e0 l&rsquo;aise pour descendre une piste noire tr\u00e8s raide dans toutes les conditions de neige (neige fra\u00eeche poudreuse, glac\u00e9e, mur de bosses..).<\/p><p><span style=\"text-decoration: underline;\">INFORMATIONS:<\/span><br \/>&#8211; Nombre de places limit\u00e9es<br \/>&#8211; Sortie \u00e0 la journ\u00e9e<br \/>&#8211; Tarif: 25 euros comprenant le skipass et le transport<br \/>&#8211; Plus de d\u00e9tails par retour de mail de notre part pour valider votre inscription<br \/><br \/>Lien d&rsquo;inscription : <a href=\"https:\/\/www.billetweb.fr\/sortie-freeride-la-grave-2026\" target=\"_blank\" rel=\"noopener\">Here<\/a><\/p><p><img decoding=\"async\" class=\"alignnone size-medium wp-image-9198\" src=\"http:\/\/u-glisse.com\/wp-content\/uploads\/2025\/12\/La-grave2-300x300.png\" alt=\"\" width=\"300\" height=\"300\" srcset=\"http:\/\/u-glisse.com\/wp-content\/uploads\/2025\/12\/La-grave2-300x300.png 300w, http:\/\/u-glisse.com\/wp-content\/uploads\/2025\/12\/La-grave2-1024x1024.png 1024w, http:\/\/u-glisse.com\/wp-content\/uploads\/2025\/12\/La-grave2-150x150.png 150w, http:\/\/u-glisse.com\/wp-content\/uploads\/2025\/12\/La-grave2-768x768.png 768w, http:\/\/u-glisse.com\/wp-content\/uploads\/2025\/12\/La-grave2-12x12.png 12w, http:\/\/u-glisse.com\/wp-content\/uploads\/2025\/12\/La-grave2-1000x1000.png 1000w, http:\/\/u-glisse.com\/wp-content\/uploads\/2025\/12\/La-grave2-230x230.png 230w, http:\/\/u-glisse.com\/wp-content\/uploads\/2025\/12\/La-grave2-350x350.png 350w, http:\/\/u-glisse.com\/wp-content\/uploads\/2025\/12\/La-grave2-480x480.png 480w, http:\/\/u-glisse.com\/wp-content\/uploads\/2025\/12\/La-grave2.png 1080w\" sizes=\"(max-width: 300px) 100vw, 300px\" \/><\/p>\t\t\t\t\t\t\t\t<\/div>\n\t\t\t\t<\/div>\n\t\t\t\t<div class=\"elementor-element elementor-element-76c7b81 elementor-widget elementor-widget-image\" data-id=\"76c7b81\" data-element_type=\"widget\" data-e-type=\"widget\" data-widget_type=\"image.default\">\n\t\t\t\t<div class=\"elementor-widget-container\">\n\t\t\t\t\t\t\t\t\t\t\t\t\t\t\t<img loading=\"lazy\" decoding=\"async\" width=\"768\" height=\"1024\" src=\"http:\/\/u-glisse.com\/wp-content\/uploads\/2025\/12\/1679605046196-min-768x1024.jpg\" class=\"attachment-large size-large wp-image-9288\" alt=\"Groupe dans pente\" srcset=\"http:\/\/u-glisse.com\/wp-content\/uploads\/2025\/12\/1679605046196-min-768x1024.jpg 768w, http:\/\/u-glisse.com\/wp-content\/uploads\/2025\/12\/1679605046196-min-225x300.jpg 225w, http:\/\/u-glisse.com\/wp-content\/uploads\/2025\/12\/1679605046196-min-1152x1536.jpg 1152w, http:\/\/u-glisse.com\/wp-content\/uploads\/2025\/12\/1679605046196-min-1536x2048.jpg 1536w, http:\/\/u-glisse.com\/wp-content\/uploads\/2025\/12\/1679605046196-min-9x12.jpg 9w, http:\/\/u-glisse.com\/wp-content\/uploads\/2025\/12\/1679605046196-min-1000x1333.jpg 1000w, http:\/\/u-glisse.com\/wp-content\/uploads\/2025\/12\/1679605046196-min-230x307.jpg 230w, http:\/\/u-glisse.com\/wp-content\/uploads\/2025\/12\/1679605046196-min-350x467.jpg 350w, http:\/\/u-glisse.com\/wp-content\/uploads\/2025\/12\/1679605046196-min-480x640.jpg 480w, http:\/\/u-glisse.com\/wp-content\/uploads\/2025\/12\/1679605046196-min-scaled.jpg 1920w\" sizes=\"(max-width: 768px) 100vw, 768px\" \/>\t\t\t\t\t\t\t\t\t\t\t\t\t\t\t<\/div>\n\t\t\t\t<\/div>\n\t\t\t\t<div class=\"elementor-element elementor-element-c15bd3e elementor-widget elementor-widget-image\" data-id=\"c15bd3e\" data-element_type=\"widget\" data-e-type=\"widget\" data-widget_type=\"image.default\">\n\t\t\t\t<div class=\"elementor-widget-container\">\n\t\t\t\t\t\t\t\t\t\t\t\t\t\t\t<img loading=\"lazy\" decoding=\"async\" width=\"573\" height=\"1024\" src=\"http:\/\/u-glisse.com\/wp-content\/uploads\/2025\/12\/20230323_154836-min-573x1024.jpg\" class=\"attachment-large size-large wp-image-9286\" alt=\"Seul dans la pente\" srcset=\"http:\/\/u-glisse.com\/wp-content\/uploads\/2025\/12\/20230323_154836-min-573x1024.jpg 573w, http:\/\/u-glisse.com\/wp-content\/uploads\/2025\/12\/20230323_154836-min-168x300.jpg 168w, http:\/\/u-glisse.com\/wp-content\/uploads\/2025\/12\/20230323_154836-min-768x1373.jpg 768w, http:\/\/u-glisse.com\/wp-content\/uploads\/2025\/12\/20230323_154836-min-859x1536.jpg 859w, http:\/\/u-glisse.com\/wp-content\/uploads\/2025\/12\/20230323_154836-min-1146x2048.jpg 1146w, http:\/\/u-glisse.com\/wp-content\/uploads\/2025\/12\/20230323_154836-min-7x12.jpg 7w, http:\/\/u-glisse.com\/wp-content\/uploads\/2025\/12\/20230323_154836-min-1000x1787.jpg 1000w, http:\/\/u-glisse.com\/wp-content\/uploads\/2025\/12\/20230323_154836-min-230x411.jpg 230w, http:\/\/u-glisse.com\/wp-content\/uploads\/2025\/12\/20230323_154836-min-350x626.jpg 350w, http:\/\/u-glisse.com\/wp-content\/uploads\/2025\/12\/20230323_154836-min-480x858.jpg 480w, http:\/\/u-glisse.com\/wp-content\/uploads\/2025\/12\/20230323_154836-min-scaled.jpg 1432w\" sizes=\"(max-width: 573px) 100vw, 573px\" \/>\t\t\t\t\t\t\t\t\t\t\t\t\t\t\t<\/div>\n\t\t\t\t<\/div>\n\t\t\t\t<div class=\"elementor-element elementor-element-ea02954 elementor-widget elementor-widget-image\" data-id=\"ea02954\" data-element_type=\"widget\" data-e-type=\"widget\" data-widget_type=\"image.default\">\n\t\t\t\t<div class=\"elementor-widget-container\">\n\t\t\t\t\t\t\t\t\t\t\t\t\t\t\t<img loading=\"lazy\" decoding=\"async\" width=\"1024\" height=\"768\" src=\"http:\/\/u-glisse.com\/wp-content\/uploads\/2025\/12\/1679605046211-min-1024x768.jpg\" class=\"attachment-large size-large wp-image-9289\" alt=\"Photo de groupe\" srcset=\"http:\/\/u-glisse.com\/wp-content\/uploads\/2025\/12\/1679605046211-min-1024x768.jpg 1024w, http:\/\/u-glisse.com\/wp-content\/uploads\/2025\/12\/1679605046211-min-300x225.jpg 300w, http:\/\/u-glisse.com\/wp-content\/uploads\/2025\/12\/1679605046211-min-768x576.jpg 768w, http:\/\/u-glisse.com\/wp-content\/uploads\/2025\/12\/1679605046211-min-1536x1152.jpg 1536w, http:\/\/u-glisse.com\/wp-content\/uploads\/2025\/12\/1679605046211-min-2048x1536.jpg 2048w, http:\/\/u-glisse.com\/wp-content\/uploads\/2025\/12\/1679605046211-min-16x12.jpg 16w, http:\/\/u-glisse.com\/wp-content\/uploads\/2025\/12\/1679605046211-min-1000x750.jpg 1000w, http:\/\/u-glisse.com\/wp-content\/uploads\/2025\/12\/1679605046211-min-230x173.jpg 230w, http:\/\/u-glisse.com\/wp-content\/uploads\/2025\/12\/1679605046211-min-350x263.jpg 350w, http:\/\/u-glisse.com\/wp-content\/uploads\/2025\/12\/1679605046211-min-480x360.jpg 480w\" sizes=\"(max-width: 1024px) 100vw, 1024px\" \/>\t\t\t\t\t\t\t\t\t\t\t\t\t\t\t<\/div>\n\t\t\t\t<\/div>\n\t\t\t\t\t<\/div>\n\t\t<\/div>\n\t\t\t\t\t<\/div>\n\t\t<\/section>\n\t\t\t\t<\/div>","protected":false},"excerpt":{"rendered":"<p>Sorties Freeride La Grave CONDITIONS D&rsquo;INSCRIPTIONPour vous inscrire aux sorties FREERIDE \u00e0 La Grave organis\u00e9es par U-GLISSE vous devez: &#8211; Etre \u00e9tudiant-e [&hellip;]<\/p>\n","protected":false},"author":1,"featured_media":0,"parent":0,"menu_order":0,"comment_status":"closed","ping_status":"closed","template":"","meta":{"footnotes":""},"class_list":["post-9271","page","type-page","status-publish","hentry"],"_links":{"self":[{"href":"http:\/\/u-glisse.com\/en\/wp-json\/wp\/v2\/pages\/9271","targetHints":{"allow":["GET"]}}],"collection":[{"href":"http:\/\/u-glisse.com\/en\/wp-json\/wp\/v2\/pages"}],"about":[{"href":"http:\/\/u-glisse.com\/en\/wp-json\/wp\/v2\/types\/page"}],"author":[{"embeddable":true,"href":"http:\/\/u-glisse.com\/en\/wp-json\/wp\/v2\/users\/1"}],"replies":[{"embeddable":true,"href":"http:\/\/u-glisse.com\/en\/wp-json\/wp\/v2\/comments?post=9271"}],"version-history":[{"count":43,"href":"http:\/\/u-glisse.com\/en\/wp-json\/wp\/v2\/pages\/9271\/revisions"}],"predecessor-version":[{"id":9508,"href":"http:\/\/u-glisse.com\/en\/wp-json\/wp\/v2\/pages\/9271\/revisions\/9508"}],"wp:attachment":[{"href":"http:\/\/u-glisse.com\/en\/wp-json\/wp\/v2\/media?parent=9271"}],"curies":[{"name":"wp","href":"https:\/\/api.w.org\/{rel}","templated":true}]}}