{"id":117,"date":"2018-06-12T22:19:09","date_gmt":"2018-06-12T20:19:09","guid":{"rendered":"http:\/\/u-glisse.com\/?page_id=117"},"modified":"2025-11-04T21:07:19","modified_gmt":"2025-11-04T20:07:19","slug":"a-propos","status":"publish","type":"page","link":"https:\/\/u-glisse.com\/en\/a-propos\/","title":{"rendered":"About us"},"content":{"rendered":"<div data-elementor-type=\"wp-post\" data-elementor-id=\"117\" class=\"elementor elementor-117\">\n\t\t\t\t\t\t<section class=\"elementor-section elementor-top-section elementor-element elementor-element-6909913d elementor-section-boxed elementor-section-height-default elementor-section-height-default\" data-id=\"6909913d\" data-element_type=\"section\" data-e-type=\"section\">\n\t\t\t\t\t\t<div class=\"elementor-container elementor-column-gap-default\">\n\t\t\t\t\t<div class=\"elementor-column elementor-col-100 elementor-top-column elementor-element elementor-element-6b77b437\" data-id=\"6b77b437\" data-element_type=\"column\" data-e-type=\"column\">\n\t\t\t<div class=\"elementor-widget-wrap elementor-element-populated\">\n\t\t\t\t\t\t<div class=\"elementor-element elementor-element-3ed9a645 elementor-widget elementor-widget-heading\" data-id=\"3ed9a645\" data-element_type=\"widget\" data-e-type=\"widget\" data-widget_type=\"heading.default\">\n\t\t\t\t<div class=\"elementor-widget-container\">\n\t\t\t\t\t<h2 class=\"elementor-heading-title elementor-size-default\">About us <\/h2>\t\t\t\t<\/div>\n\t\t\t\t<\/div>\n\t\t\t\t<div class=\"elementor-element elementor-element-4c1049c3 elementor-widget elementor-widget-text-editor\" data-id=\"4c1049c3\" data-element_type=\"widget\" data-e-type=\"widget\" data-widget_type=\"text-editor.default\">\n\t\t\t\t<div class=\"elementor-widget-container\">\n\t\t\t\t\t\t\t\t\t<p>U-Glisse(anciennement \u00c9cole de Glisse des Universit\u00e9s de Grenoble) est la <strong>structure glisse du SUAPS UGA <\/strong>(Universit\u00e9 Grenoble Alpes).<\/p><p>Ses activit\u00e9s de cours not\u00e9s et non not\u00e9s sont r\u00e9serv\u00e9es exclusivement aux \u00e9tudiants, de l&rsquo;Universit\u00e9 Grenoble Alpes bien \u00e9videmment mais, tous les autres avantages et services sont ouverts aux \u00e9tudiants de toute la France et m\u00eame aux \u00e9tudiants \u00e9trangers, la condition est d&rsquo;avoir <strong>au plus\u00a0 30 ans<\/strong> pour b\u00e9n\u00e9ficier des avantages skipass aux <strong>7 Laux<\/strong> et \u00e0 <strong>Chamrousse<\/strong> and <strong>2 tarifications<\/strong>\u00a0pour les stations de <strong>l&rsquo;Alpe<\/strong> <strong>d&rsquo;Huez<\/strong> and <strong>Les 2 Alpes : \u226425 ans et 26\u226430 ans.<\/strong><\/p><p>Elle compte pr\u00e8s de 6000 adh\u00e9rents dont environs 75 coachs, plus de 33% d&rsquo;\u00e9tudiants \u00e9trangers de plus de 94 nationalit\u00e9s diff\u00e9rentes.<\/p>\t\t\t\t\t\t\t\t<\/div>\n\t\t\t\t<\/div>\n\t\t\t\t<div class=\"elementor-element elementor-element-7ac415a1 elementor-widget elementor-widget-image\" data-id=\"7ac415a1\" data-element_type=\"widget\" data-e-type=\"widget\" data-widget_type=\"image.default\">\n\t\t\t\t<div class=\"elementor-widget-container\">\n\t\t\t\t\t\t\t\t\t\t\t\t\t\t\t<img fetchpriority=\"high\" decoding=\"async\" width=\"306\" height=\"296\" src=\"https:\/\/u-glisse.com\/wp-content\/uploads\/2020\/10\/logo-suaps-U-Glisse-UGA.png\" class=\"attachment-large size-large wp-image-1574\" alt=\"\" srcset=\"https:\/\/u-glisse.com\/wp-content\/uploads\/2020\/10\/logo-suaps-U-Glisse-UGA.png 306w, https:\/\/u-glisse.com\/wp-content\/uploads\/2020\/10\/logo-suaps-U-Glisse-UGA-300x290.png 300w, https:\/\/u-glisse.com\/wp-content\/uploads\/2020\/10\/logo-suaps-U-Glisse-UGA-12x12.png 12w, https:\/\/u-glisse.com\/wp-content\/uploads\/2020\/10\/logo-suaps-U-Glisse-UGA-230x222.png 230w\" sizes=\"(max-width: 306px) 100vw, 306px\" \/>\t\t\t\t\t\t\t\t\t\t\t\t\t\t\t<\/div>\n\t\t\t\t<\/div>\n\t\t\t\t<div class=\"elementor-element elementor-element-316e4c3e elementor-widget elementor-widget-text-editor\" data-id=\"316e4c3e\" data-element_type=\"widget\" data-e-type=\"widget\" data-widget_type=\"text-editor.default\">\n\t\t\t\t<div class=\"elementor-widget-container\">\n\t\t\t\t\t\t\t\t\t<p><b><u>Objective of the structure<\/u><\/b><\/p><p>U-Glisse bas\u00e9e au c\u0153ur de la capitale des Alpes, a pour objectif de <strong>d\u00e9mocratiser la glisse dans le milieu \u00e9tudiant<\/strong>, en proposant suite \u00e0 une adh\u00e9sion, des tarifs de <strong><a href=\"http:\/\/u-glisse.com\/en\/skipass\/\">skipass<\/a> ultra-pr\u00e9f\u00e9rentiels et exclusifs<\/strong> dans quelques unes des meilleures stations de ski fran\u00e7aises. Mais la <strong>d\u00e9mocratisation<\/strong> c&rsquo;est aussi la <strong>d\u00e9couverte<\/strong> and the<strong>encadrement<\/strong>. C&rsquo;est pourquoi U-Glisse propose \u00e0 tous ses adh\u00e9rents des <strong><a href=\"http:\/\/u-glisse.com\/en\/cours-de-ski-et-snowboard-pour-les-etudiants%E2%80%8B\/\">,<\/a> gratuits*<\/strong> pour tous les niveaux, du d\u00e9butant aux plus confirm\u00e9s en ski et snowboard.<br \/>These courses are taught by a team of student and volunteer coaches specially trained for and by U-Glisse and supervised by the professors of the Universit\u00e9 Grenoble Alpes. U-Glisse also offers\u00a0<strong><a style=\"background-color: #ffffff;\" href=\"http:\/\/u-glisse.com\/en\/transport\/\">transport<\/a><\/strong>\u00a0at cost price and several\u00a0<strong><a style=\"background-color: #ffffff;\" href=\"http:\/\/u-glisse.com\/en\/partenaires\/\">reductions<\/a><\/strong>\u00a0in its partners.<br \/>*Les cours gratuits sont r\u00e9serv\u00e9s aux adh\u00e9rents qui \u00e9tudient \u00e0 l&rsquo;UGA, l&rsquo;INPG, l&rsquo;IEP, l&rsquo;IAE, Polytech, l&rsquo;ENSAG.<\/p>\t\t\t\t\t\t\t\t<\/div>\n\t\t\t\t<\/div>\n\t\t\t\t\t<\/div>\n\t\t<\/div>\n\t\t\t\t\t<\/div>\n\t\t<\/section>\n\t\t\t\t<section class=\"elementor-section elementor-top-section elementor-element elementor-element-3ab3ac2 elementor-section-boxed elementor-section-height-default elementor-section-height-default\" data-id=\"3ab3ac2\" data-element_type=\"section\" data-e-type=\"section\">\n\t\t\t\t\t\t<div class=\"elementor-container elementor-column-gap-default\">\n\t\t\t\t\t<div class=\"elementor-column elementor-col-100 elementor-top-column elementor-element elementor-element-bda4dfc\" data-id=\"bda4dfc\" data-element_type=\"column\" data-e-type=\"column\">\n\t\t\t<div class=\"elementor-widget-wrap elementor-element-populated\">\n\t\t\t\t\t\t<div class=\"elementor-element elementor-element-edc14cb elementor-widget elementor-widget-heading\" data-id=\"edc14cb\" data-element_type=\"widget\" data-e-type=\"widget\" data-widget_type=\"heading.default\">\n\t\t\t\t<div class=\"elementor-widget-container\">\n\t\t\t\t\t<h2 class=\"elementor-heading-title elementor-size-default\">Rejoignez-nous sur les r\u00e9seaux sociaux<\/h2>\t\t\t\t<\/div>\n\t\t\t\t<\/div>\n\t\t\t\t<div class=\"elementor-element elementor-element-6bd83dc elementor-widget elementor-widget-text-editor\" data-id=\"6bd83dc\" data-element_type=\"widget\" data-e-type=\"widget\" data-widget_type=\"text-editor.default\">\n\t\t\t\t<div class=\"elementor-widget-container\">\n\t\t\t\t\t\t\t\t\t<p>Instagram : <a href=\"https:\/\/www.instagram.com\/u_glisse\/?hl=fr\" target=\"_blank\" rel=\"noopener\">u_glisse<\/a><br \/>Facebook : <a href=\"https:\/\/www.facebook.com\/UGlisse.Grenoble\/\" target=\"_blank\" rel=\"noopener\">Glisse.Grenoble<\/a><\/p>\t\t\t\t\t\t\t\t<\/div>\n\t\t\t\t<\/div>\n\t\t\t\t<div class=\"elementor-element elementor-element-19a50e3 elementor-widget elementor-widget-text-editor\" data-id=\"19a50e3\" data-element_type=\"widget\" data-e-type=\"widget\" data-widget_type=\"text-editor.default\">\n\t\t\t\t<div class=\"elementor-widget-container\">\n\t\t\t\t\t\t\t\t\t<p><a href=\"https:\/\/www.facebook.com\/UGlisse.Grenoble\/\"><img decoding=\"async\" class=\"aligncenter wp-image-3666\" src=\"http:\/\/u-glisse.com\/wp-content\/uploads\/2022\/04\/1200px-facebook-logo-2019-1024x1024-1-150x150.png\" alt=\"Logo Facebook\" width=\"85\" height=\"85\" srcset=\"https:\/\/u-glisse.com\/wp-content\/uploads\/2022\/04\/1200px-facebook-logo-2019-1024x1024-1-150x150.png 150w, https:\/\/u-glisse.com\/wp-content\/uploads\/2022\/04\/1200px-facebook-logo-2019-1024x1024-1-300x300.png 300w, https:\/\/u-glisse.com\/wp-content\/uploads\/2022\/04\/1200px-facebook-logo-2019-1024x1024-1.png 1024w, https:\/\/u-glisse.com\/wp-content\/uploads\/2022\/04\/1200px-facebook-logo-2019-1024x1024-1-768x768.png 768w, https:\/\/u-glisse.com\/wp-content\/uploads\/2022\/04\/1200px-facebook-logo-2019-1024x1024-1-12x12.png 12w, https:\/\/u-glisse.com\/wp-content\/uploads\/2022\/04\/1200px-facebook-logo-2019-1024x1024-1-920x920.png 920w, https:\/\/u-glisse.com\/wp-content\/uploads\/2022\/04\/1200px-facebook-logo-2019-1024x1024-1-230x230.png 230w, https:\/\/u-glisse.com\/wp-content\/uploads\/2022\/04\/1200px-facebook-logo-2019-1024x1024-1-350x350.png 350w, https:\/\/u-glisse.com\/wp-content\/uploads\/2022\/04\/1200px-facebook-logo-2019-1024x1024-1-480x480.png 480w\" sizes=\"(max-width: 85px) 100vw, 85px\" \/><\/a> <a href=\"https:\/\/www.instagram.com\/u_glisse\/?hl=fr\"><img decoding=\"async\" class=\"aligncenter wp-image-3667\" src=\"http:\/\/u-glisse.com\/wp-content\/uploads\/2022\/04\/Instagram-Logo-Background-PNG-150x150.png\" alt=\"Logo Instagram\" width=\"85\" height=\"85\" srcset=\"https:\/\/u-glisse.com\/wp-content\/uploads\/2022\/04\/Instagram-Logo-Background-PNG-150x150.png 150w, https:\/\/u-glisse.com\/wp-content\/uploads\/2022\/04\/Instagram-Logo-Background-PNG-300x300.png 300w, https:\/\/u-glisse.com\/wp-content\/uploads\/2022\/04\/Instagram-Logo-Background-PNG-12x12.png 12w, https:\/\/u-glisse.com\/wp-content\/uploads\/2022\/04\/Instagram-Logo-Background-PNG-230x230.png 230w, https:\/\/u-glisse.com\/wp-content\/uploads\/2022\/04\/Instagram-Logo-Background-PNG-350x350.png 350w, https:\/\/u-glisse.com\/wp-content\/uploads\/2022\/04\/Instagram-Logo-Background-PNG-480x480.png 480w, https:\/\/u-glisse.com\/wp-content\/uploads\/2022\/04\/Instagram-Logo-Background-PNG.png 680w\" sizes=\"(max-width: 85px) 100vw, 85px\" \/><\/a><\/p>\t\t\t\t\t\t\t\t<\/div>\n\t\t\t\t<\/div>\n\t\t\t\t\t<\/div>\n\t\t<\/div>\n\t\t\t\t\t<\/div>\n\t\t<\/section>\n\t\t\t\t<section class=\"elementor-section elementor-top-section elementor-element elementor-element-16b67a72 elementor-section-stretched elementor-section-full_width elementor-section-height-default elementor-section-height-default\" data-id=\"16b67a72\" data-element_type=\"section\" data-e-type=\"section\" data-settings=\"{&quot;stretch_section&quot;:&quot;section-stretched&quot;}\">\n\t\t\t\t\t\t<div class=\"elementor-container elementor-column-gap-default\">\n\t\t\t\t\t<div class=\"elementor-column elementor-col-100 elementor-top-column elementor-element elementor-element-71e6f6d7\" data-id=\"71e6f6d7\" data-element_type=\"column\" data-e-type=\"column\">\n\t\t\t<div class=\"elementor-widget-wrap elementor-element-populated\">\n\t\t\t\t\t\t<div class=\"elementor-element elementor-element-1124e1a7 elementor-widget elementor-widget-spacer\" data-id=\"1124e1a7\" data-element_type=\"widget\" data-e-type=\"widget\" data-widget_type=\"spacer.default\">\n\t\t\t\t<div class=\"elementor-widget-container\">\n\t\t\t\t\t\t\t<div class=\"elementor-spacer\">\n\t\t\t<div class=\"elementor-spacer-inner\"><\/div>\n\t\t<\/div>\n\t\t\t\t\t\t<\/div>\n\t\t\t\t<\/div>\n\t\t\t\t<div class=\"elementor-element elementor-element-6f077352 elementor-widget-divider--view-line elementor-widget elementor-widget-divider\" data-id=\"6f077352\" data-element_type=\"widget\" data-e-type=\"widget\" data-widget_type=\"divider.default\">\n\t\t\t\t<div class=\"elementor-widget-container\">\n\t\t\t\t\t\t\t<div class=\"elementor-divider\">\n\t\t\t<span class=\"elementor-divider-separator\">\n\t\t\t\t\t\t<\/span>\n\t\t<\/div>\n\t\t\t\t\t\t<\/div>\n\t\t\t\t<\/div>\n\t\t\t\t<div class=\"elementor-element elementor-element-1f07074 elementor-arrows-position-inside elementor-pagination-position-outside elementor-widget elementor-widget-image-carousel\" data-id=\"1f07074\" data-element_type=\"widget\" data-e-type=\"widget\" data-settings=\"{&quot;slides_to_scroll&quot;:&quot;4&quot;,&quot;slides_to_show&quot;:&quot;8&quot;,&quot;navigation&quot;:&quot;both&quot;,&quot;autoplay&quot;:&quot;yes&quot;,&quot;pause_on_hover&quot;:&quot;yes&quot;,&quot;pause_on_interaction&quot;:&quot;yes&quot;,&quot;autoplay_speed&quot;:5000,&quot;infinite&quot;:&quot;yes&quot;,&quot;speed&quot;:500}\" data-widget_type=\"image-carousel.default\">\n\t\t\t\t<div class=\"elementor-widget-container\">\n\t\t\t\t\t\t\t<div class=\"elementor-image-carousel-wrapper swiper\" role=\"region\" aria-roledescription=\"carousel\" aria-label=\"Carrousel d\u2019images\" dir=\"ltr\">\n\t\t\t<div class=\"elementor-image-carousel swiper-wrapper\" aria-live=\"off\">\n\t\t\t\t\t\t\t\t<div class=\"swiper-slide\" role=\"group\" aria-roledescription=\"slide\" aria-label=\"1 of 11\" data-no-translation-aria-label=\"\"><figure class=\"swiper-slide-inner\"><img decoding=\"async\" class=\"swiper-slide-image\" src=\"https:\/\/u-glisse.com\/wp-content\/uploads\/2022\/04\/logo-aeon-final-CMYK_2-alpes-badge-couleur-768x432.png\" alt=\"Les 2 Alpes\" \/><\/figure><\/div><div class=\"swiper-slide\" role=\"group\" aria-roledescription=\"slide\" aria-label=\"2 of 11\" data-no-translation-aria-label=\"\"><figure class=\"swiper-slide-inner\"><img decoding=\"async\" class=\"swiper-slide-image\" src=\"https:\/\/u-glisse.com\/wp-content\/uploads\/2021\/09\/7-Laux.png\" alt=\"7 Laux\" \/><\/figure><\/div><div class=\"swiper-slide\" role=\"group\" aria-roledescription=\"slide\" aria-label=\"3 of 11\" data-no-translation-aria-label=\"\"><figure class=\"swiper-slide-inner\"><img decoding=\"async\" class=\"swiper-slide-image\" src=\"https:\/\/u-glisse.com\/wp-content\/uploads\/2021\/09\/Chamrousse.png\" alt=\"Chamrousse\" \/><\/figure><\/div><div class=\"swiper-slide\" role=\"group\" aria-roledescription=\"slide\" aria-label=\"4 of 11\" data-no-translation-aria-label=\"\"><figure class=\"swiper-slide-inner\"><img decoding=\"async\" class=\"swiper-slide-image\" src=\"https:\/\/u-glisse.com\/wp-content\/uploads\/2022\/04\/alpe-huez-badge-couleur-768x432.png\" alt=\"Alpe d&#039;Huez\" \/><\/figure><\/div><div class=\"swiper-slide\" role=\"group\" aria-roledescription=\"slide\" aria-label=\"5 of 11\" data-no-translation-aria-label=\"\"><figure class=\"swiper-slide-inner\"><img decoding=\"async\" class=\"swiper-slide-image\" src=\"https:\/\/u-glisse.com\/wp-content\/uploads\/2023\/06\/Capture-decran-2023-06-22-a-10.40.22-768x384.png\" alt=\"Ekosport\" \/><\/figure><\/div><div class=\"swiper-slide\" role=\"group\" aria-roledescription=\"slide\" aria-label=\"6 of 11\" data-no-translation-aria-label=\"\"><figure class=\"swiper-slide-inner\"><img decoding=\"async\" class=\"swiper-slide-image\" src=\"https:\/\/u-glisse.com\/wp-content\/uploads\/2023\/06\/Capture-decran-2023-06-09-a-10.59.03-768x388.png\" alt=\"Horizon Montagne\" \/><\/figure><\/div><div class=\"swiper-slide\" role=\"group\" aria-roledescription=\"slide\" aria-label=\"7 of 11\" data-no-translation-aria-label=\"\"><figure class=\"swiper-slide-inner\"><img decoding=\"async\" class=\"swiper-slide-image\" src=\"https:\/\/u-glisse.com\/wp-content\/uploads\/2021\/09\/BAM.png\" alt=\"BAM\" \/><\/figure><\/div><div class=\"swiper-slide\" role=\"group\" aria-roledescription=\"slide\" aria-label=\"8 of 11\" data-no-translation-aria-label=\"\"><figure class=\"swiper-slide-inner\"><img decoding=\"async\" class=\"swiper-slide-image\" src=\"https:\/\/u-glisse.com\/wp-content\/uploads\/2021\/09\/Exo38.png\" alt=\"Exo 38\" \/><\/figure><\/div><div class=\"swiper-slide\" role=\"group\" aria-roledescription=\"slide\" aria-label=\"9 of 11\" data-no-translation-aria-label=\"\"><figure class=\"swiper-slide-inner\"><img decoding=\"async\" class=\"swiper-slide-image\" src=\"https:\/\/u-glisse.com\/wp-content\/uploads\/2021\/09\/Saloon.png\" alt=\"Saloon\" \/><\/figure><\/div><div class=\"swiper-slide\" role=\"group\" aria-roledescription=\"slide\" aria-label=\"10 of 11\" data-no-translation-aria-label=\"\"><figure class=\"swiper-slide-inner\"><img decoding=\"async\" class=\"swiper-slide-image\" src=\"https:\/\/u-glisse.com\/wp-content\/uploads\/2021\/09\/Kaktuss.png\" alt=\"Kaktuss\" \/><\/figure><\/div><div class=\"swiper-slide\" role=\"group\" aria-roledescription=\"slide\" aria-label=\"11 of 11\" data-no-translation-aria-label=\"\"><figure class=\"swiper-slide-inner\"><img decoding=\"async\" class=\"swiper-slide-image\" src=\"https:\/\/u-glisse.com\/wp-content\/uploads\/2023\/09\/Capture-decran-2023-09-18-a-10.11.23-768x388.png\" alt=\"Logo Adr\u00e9naline\" \/><\/figure><\/div>\t\t\t<\/div>\n\t\t\t\t\t\t\t\t\t\t\t\t<div class=\"elementor-swiper-button elementor-swiper-button-prev\" role=\"button\" tabindex=\"0\">\n\t\t\t\t\t\t<i aria-hidden=\"true\" class=\"eicon-chevron-left\"><\/i>\t\t\t\t\t<\/div>\n\t\t\t\t\t<div class=\"elementor-swiper-button elementor-swiper-button-next\" role=\"button\" tabindex=\"0\">\n\t\t\t\t\t\t<i aria-hidden=\"true\" class=\"eicon-chevron-right\"><\/i>\t\t\t\t\t<\/div>\n\t\t\t\t\n\t\t\t\t\t\t\t\t\t<div class=\"swiper-pagination\"><\/div>\n\t\t\t\t\t\t\t\t\t<\/div>\n\t\t\t\t\t\t<\/div>\n\t\t\t\t<\/div>\n\t\t\t\t<div class=\"elementor-element elementor-element-66e9dc13 elementor-widget-divider--view-line elementor-widget elementor-widget-divider\" data-id=\"66e9dc13\" data-element_type=\"widget\" data-e-type=\"widget\" data-widget_type=\"divider.default\">\n\t\t\t\t<div class=\"elementor-widget-container\">\n\t\t\t\t\t\t\t<div class=\"elementor-divider\">\n\t\t\t<span class=\"elementor-divider-separator\">\n\t\t\t\t\t\t<\/span>\n\t\t<\/div>\n\t\t\t\t\t\t<\/div>\n\t\t\t\t<\/div>\n\t\t\t\t\t<\/div>\n\t\t<\/div>\n\t\t\t\t\t<\/div>\n\t\t<\/section>\n\t\t\t\t<\/div>","protected":false},"excerpt":{"rendered":"<p>Qui sommes nous ? U-Glisse(anciennement \u00c9cole de Glisse des Universit\u00e9s de Grenoble) est la structure glisse du SUAPS UGA (Universit\u00e9 Grenoble Alpes). [&hellip;]<\/p>\n","protected":false},"author":1,"featured_media":0,"parent":0,"menu_order":0,"comment_status":"closed","ping_status":"closed","template":"","meta":{"footnotes":""},"class_list":["post-117","page","type-page","status-publish","hentry"],"_links":{"self":[{"href":"https:\/\/u-glisse.com\/en\/wp-json\/wp\/v2\/pages\/117","targetHints":{"allow":["GET"]}}],"collection":[{"href":"https:\/\/u-glisse.com\/en\/wp-json\/wp\/v2\/pages"}],"about":[{"href":"https:\/\/u-glisse.com\/en\/wp-json\/wp\/v2\/types\/page"}],"author":[{"embeddable":true,"href":"https:\/\/u-glisse.com\/en\/wp-json\/wp\/v2\/users\/1"}],"replies":[{"embeddable":true,"href":"https:\/\/u-glisse.com\/en\/wp-json\/wp\/v2\/comments?post=117"}],"version-history":[{"count":121,"href":"https:\/\/u-glisse.com\/en\/wp-json\/wp\/v2\/pages\/117\/revisions"}],"predecessor-version":[{"id":8959,"href":"https:\/\/u-glisse.com\/en\/wp-json\/wp\/v2\/pages\/117\/revisions\/8959"}],"wp:attachment":[{"href":"https:\/\/u-glisse.com\/en\/wp-json\/wp\/v2\/media?parent=117"}],"curies":[{"name":"wp","href":"https:\/\/api.w.org\/{rel}","templated":true}]}}