{"id":150,"date":"2018-06-12T22:33:10","date_gmt":"2018-06-12T20:33:10","guid":{"rendered":"http:\/\/u-glisse.com\/?page_id=150"},"modified":"2026-04-02T13:08:50","modified_gmt":"2026-04-02T11:08:50","slug":"nous-trouver","status":"publish","type":"page","link":"https:\/\/u-glisse.com\/en\/nous-trouver\/","title":{"rendered":"Find us"},"content":{"rendered":"<div data-elementor-type=\"wp-post\" data-elementor-id=\"150\" class=\"elementor elementor-150\">\n\t\t\t\t\t\t<section class=\"elementor-section elementor-top-section elementor-element elementor-element-5e68a202 elementor-section-stretched elementor-section-boxed elementor-section-height-default elementor-section-height-default\" data-id=\"5e68a202\" data-element_type=\"section\" data-e-type=\"section\" data-settings=\"{&quot;stretch_section&quot;:&quot;section-stretched&quot;}\">\n\t\t\t\t\t\t<div class=\"elementor-container elementor-column-gap-default\">\n\t\t\t\t\t<div class=\"elementor-column elementor-col-100 elementor-top-column elementor-element elementor-element-552f883c\" data-id=\"552f883c\" data-element_type=\"column\" data-e-type=\"column\">\n\t\t\t<div class=\"elementor-widget-wrap elementor-element-populated\">\n\t\t\t\t\t\t<div class=\"elementor-element elementor-element-11b97008 elementor-widget elementor-widget-heading\" data-id=\"11b97008\" data-element_type=\"widget\" data-e-type=\"widget\" data-widget_type=\"heading.default\">\n\t\t\t\t<div class=\"elementor-widget-container\">\n\t\t\t\t\t<h2 class=\"elementor-heading-title elementor-size-default\">Find us<\/h2>\t\t\t\t<\/div>\n\t\t\t\t<\/div>\n\t\t\t\t<section class=\"elementor-section elementor-inner-section elementor-element elementor-element-54153df elementor-section-boxed elementor-section-height-default elementor-section-height-default\" data-id=\"54153df\" data-element_type=\"section\" data-e-type=\"section\">\n\t\t\t\t\t\t<div class=\"elementor-container elementor-column-gap-default\">\n\t\t\t\t\t<div class=\"elementor-column elementor-col-50 elementor-inner-column elementor-element elementor-element-1e01f2ce\" data-id=\"1e01f2ce\" data-element_type=\"column\" data-e-type=\"column\">\n\t\t\t<div class=\"elementor-widget-wrap elementor-element-populated\">\n\t\t\t\t\t\t<div class=\"elementor-element elementor-element-12aa2629 elementor-widget elementor-widget-text-editor\" data-id=\"12aa2629\" data-element_type=\"widget\" data-e-type=\"widget\" data-widget_type=\"text-editor.default\">\n\t\t\t\t<div class=\"elementor-widget-container\">\n\t\t\t\t\t\t\t\t\t<h3>Piscine universitaire \/ <a href=\"http:\/\/u-glisse.com\/wp-content\/uploads\/2023\/09\/Perm-CSU.jpg\" target=\"_blank\" rel=\"noopener\">CSU<\/a><\/h3><p><span style=\"color: #7a7a7a; font-family: Roboto, sans-serif;\"><span style=\"caret-color: #7a7a7a; font-weight: 400;\"><br \/><\/span><\/span><span style=\"color: #ff0000;\"><span style=\"caret-color: #ff0000;\"><b><strong><span style=\"color: #ff0000;\"><span style=\"color: #333333;\">Horaires \u00e0 partir du 02\/04<\/span><br \/><span style=\"color: #333333;\">Les jeudis et vendredis de 12h30 \u00e0 13h30.<\/span><br \/>Derni\u00e8re permanence jeudi 30 avril.<\/span><br \/>Urgence : <a href=\"mailto:accueil@u-glisse.com\">accueil@u-glisse.com<\/a><br \/><\/strong><\/b><\/span><\/span><\/p>\t\t\t\t\t\t\t\t<\/div>\n\t\t\t\t<\/div>\n\t\t\t\t\t<\/div>\n\t\t<\/div>\n\t\t\t\t<div class=\"elementor-column elementor-col-50 elementor-inner-column elementor-element elementor-element-529c679a\" data-id=\"529c679a\" data-element_type=\"column\" data-e-type=\"column\">\n\t\t\t<div class=\"elementor-widget-wrap elementor-element-populated\">\n\t\t\t\t\t\t<div class=\"elementor-element elementor-element-e20af93 elementor-widget elementor-widget-text-editor\" data-id=\"e20af93\" data-element_type=\"widget\" data-e-type=\"widget\" data-widget_type=\"text-editor.default\">\n\t\t\t\t<div class=\"elementor-widget-container\">\n\t\t\t\t\t\t\t\t\t<h3><a href=\"http:\/\/u-glisse.com\/wp-content\/uploads\/2023\/09\/MUSE-exterieur-du-tramway.jpg\" target=\"_blank\" rel=\"noopener\">MUSE<\/a> \/ Maison Universitaire des Services \u00e0 l&rsquo;\u00c9tudiant<br \/><span style=\"font-family: -apple-system, BlinkMacSystemFont, 'Segoe UI', Roboto, Oxygen-Sans, Ubuntu, Cantarell, 'Helvetica Neue', sans-serif; font-size: 24px;\">SUAPS 1er \u00e9tage<\/span><\/h3><p><span style=\"color: #ff0000;\"><span style=\"caret-color: #ff0000;\"><b><strong><span style=\"color: #000000;\"><span style=\"color: #333333;\">Horaires \u00e0 partir du 30\/03<\/span><br \/><span style=\"color: #333333;\">Les lundis, mardis et mercredis de 12h30 \u00e0 13h30.<\/span><br \/><span style=\"color: #ff0000;\">Ferm\u00e9 le lundi 06 avril<\/span><br \/><span style=\"color: #ff0000;\">Derni\u00e8re permanence mercredi 29 avril.<\/span><\/span><br \/>Urgence : <a href=\"mailto:accueil@u-glisse.com\">accueil@u-glisse.com<\/a><br \/><\/strong><\/b><\/span><\/span><\/p>\t\t\t\t\t\t\t\t<\/div>\n\t\t\t\t<\/div>\n\t\t\t\t\t<\/div>\n\t\t<\/div>\n\t\t\t\t\t<\/div>\n\t\t<\/section>\n\t\t\t\t<section class=\"elementor-section elementor-inner-section elementor-element elementor-element-5648d7b5 elementor-section-full_width elementor-section-height-default elementor-section-height-default\" data-id=\"5648d7b5\" data-element_type=\"section\" data-e-type=\"section\">\n\t\t\t\t\t\t<div class=\"elementor-container elementor-column-gap-default\">\n\t\t\t\t\t<div class=\"elementor-column elementor-col-50 elementor-inner-column elementor-element elementor-element-7e39f12\" data-id=\"7e39f12\" data-element_type=\"column\" data-e-type=\"column\">\n\t\t\t<div class=\"elementor-widget-wrap elementor-element-populated\">\n\t\t\t\t\t\t<div class=\"elementor-element elementor-element-fc772cf elementor-widget elementor-widget-google_maps\" data-id=\"fc772cf\" data-element_type=\"widget\" data-e-type=\"widget\" data-widget_type=\"google_maps.default\">\n\t\t\t\t<div class=\"elementor-widget-container\">\n\t\t\t\t\t\t\t<div class=\"elementor-custom-embed\">\n\t\t\t<iframe loading=\"lazy\"\n\t\t\t\t\tsrc=\"https:\/\/maps.google.com\/maps?q=%C3%89cole%20De%20Glisse%20Des%20Universit%C3%A9s%2C%20Rue%20de%20la%20Passerelle%2C%20Saint-Martin-d%27H%C3%A8res&#038;t=m&#038;z=12&#038;output=embed&#038;iwloc=near\"\n\t\t\t\t\ttitle=\"\u00c9cole De Glisse Des Universit\u00e9s, Rue de la Passerelle, Saint-Martin-d&#039;H\u00e8res\"\n\t\t\t\t\taria-label=\"\u00c9cole De Glisse Des Universit\u00e9s, Rue de la Passerelle, Saint-Martin-d&#039;H\u00e8res\"\n\t\t\t><\/iframe>\n\t\t<\/div>\n\t\t\t\t\t\t<\/div>\n\t\t\t\t<\/div>\n\t\t\t\t<div class=\"elementor-element elementor-element-6b43f7ef elementor-widget elementor-widget-text-editor\" data-id=\"6b43f7ef\" data-element_type=\"widget\" data-e-type=\"widget\" data-widget_type=\"text-editor.default\">\n\t\t\t\t<div class=\"elementor-widget-container\">\n\t\t\t\t\t\t\t\t\t<h3><a href=\"http:\/\/u-glisse.com\/wp-content\/uploads\/2023\/09\/Chalet-foyer-sud-Minatec.jpg\" target=\"_blank\" rel=\"noopener\">Minatec<\/a><\/h3><p>Au foyer Le Chalet 1er \u00e9tage b\u00e2timent Z.<br \/><strong>Pas de permanence pr\u00e9vue cette semaine.<\/strong><\/p><p><span style=\"color: #ff0000;\"><span style=\"caret-color: #ff0000;\"><b><strong>Ferm\u00e9 durant les vacances universitaires de la zone Grenoble.<\/strong><\/b><\/span><\/span><br \/>Attention, acc\u00e8s r\u00e9glement\u00e9, badge obligatoire pour rentrer dans le b\u00e2timent.<\/p>\t\t\t\t\t\t\t\t<\/div>\n\t\t\t\t<\/div>\n\t\t\t\t<div class=\"elementor-element elementor-element-1e3831fb elementor-widget elementor-widget-google_maps\" data-id=\"1e3831fb\" data-element_type=\"widget\" data-e-type=\"widget\" data-widget_type=\"google_maps.default\">\n\t\t\t\t<div class=\"elementor-widget-container\">\n\t\t\t\t\t\t\t<div class=\"elementor-custom-embed\">\n\t\t\t<iframe loading=\"lazy\"\n\t\t\t\t\tsrc=\"https:\/\/maps.google.com\/maps?q=MINATEC%2C%20Parvis%20Louis%20N%C3%A9el%2C%20Grenoble&#038;t=m&#038;z=13&#038;output=embed&#038;iwloc=near\"\n\t\t\t\t\ttitle=\"MINATEC, Parvis Louis N\u00e9el, Grenoble\"\n\t\t\t\t\taria-label=\"MINATEC, Parvis Louis N\u00e9el, Grenoble\"\n\t\t\t><\/iframe>\n\t\t<\/div>\n\t\t\t\t\t\t<\/div>\n\t\t\t\t<\/div>\n\t\t\t\t\t<\/div>\n\t\t<\/div>\n\t\t\t\t<div class=\"elementor-column elementor-col-50 elementor-inner-column elementor-element elementor-element-631af9cf\" data-id=\"631af9cf\" data-element_type=\"column\" data-e-type=\"column\">\n\t\t\t<div class=\"elementor-widget-wrap elementor-element-populated\">\n\t\t\t\t\t\t<div class=\"elementor-element elementor-element-f41dafd elementor-widget elementor-widget-google_maps\" data-id=\"f41dafd\" data-element_type=\"widget\" data-e-type=\"widget\" data-widget_type=\"google_maps.default\">\n\t\t\t\t<div class=\"elementor-widget-container\">\n\t\t\t\t\t\t\t<div class=\"elementor-custom-embed\">\n\t\t\t<iframe loading=\"lazy\"\n\t\t\t\t\tsrc=\"https:\/\/maps.google.com\/maps?q=80%20all%C3%A9e%20amp%C3%A8re&#038;t=m&#038;z=14&#038;output=embed&#038;iwloc=near\"\n\t\t\t\t\ttitle=\"80 all\u00e9e amp\u00e8re\"\n\t\t\t\t\taria-label=\"80 all\u00e9e amp\u00e8re\"\n\t\t\t><\/iframe>\n\t\t<\/div>\n\t\t\t\t\t\t<\/div>\n\t\t\t\t<\/div>\n\t\t\t\t\t<\/div>\n\t\t<\/div>\n\t\t\t\t\t<\/div>\n\t\t<\/section>\n\t\t\t\t\t<\/div>\n\t\t<\/div>\n\t\t\t\t\t<\/div>\n\t\t<\/section>\n\t\t\t\t<section class=\"elementor-section elementor-top-section elementor-element elementor-element-17cfa91d elementor-section-stretched elementor-section-full_width elementor-section-height-default elementor-section-height-default\" data-id=\"17cfa91d\" data-element_type=\"section\" data-e-type=\"section\" data-settings=\"{&quot;stretch_section&quot;:&quot;section-stretched&quot;}\">\n\t\t\t\t\t\t<div class=\"elementor-container elementor-column-gap-default\">\n\t\t\t\t\t<div class=\"elementor-column elementor-col-100 elementor-top-column elementor-element elementor-element-599ab49e\" data-id=\"599ab49e\" data-element_type=\"column\" data-e-type=\"column\">\n\t\t\t<div class=\"elementor-widget-wrap elementor-element-populated\">\n\t\t\t\t\t\t<div class=\"elementor-element elementor-element-61a5c80f elementor-widget elementor-widget-spacer\" data-id=\"61a5c80f\" data-element_type=\"widget\" data-e-type=\"widget\" data-widget_type=\"spacer.default\">\n\t\t\t\t<div class=\"elementor-widget-container\">\n\t\t\t\t\t\t\t<div class=\"elementor-spacer\">\n\t\t\t<div class=\"elementor-spacer-inner\"><\/div>\n\t\t<\/div>\n\t\t\t\t\t\t<\/div>\n\t\t\t\t<\/div>\n\t\t\t\t<div class=\"elementor-element elementor-element-17a3879b elementor-widget-divider--view-line elementor-widget elementor-widget-divider\" data-id=\"17a3879b\" data-element_type=\"widget\" data-e-type=\"widget\" data-widget_type=\"divider.default\">\n\t\t\t\t<div class=\"elementor-widget-container\">\n\t\t\t\t\t\t\t<div class=\"elementor-divider\">\n\t\t\t<span class=\"elementor-divider-separator\">\n\t\t\t\t\t\t<\/span>\n\t\t<\/div>\n\t\t\t\t\t\t<\/div>\n\t\t\t\t<\/div>\n\t\t\t\t<div class=\"elementor-element elementor-element-413b3a0b elementor-arrows-position-inside elementor-pagination-position-outside elementor-widget elementor-widget-image-carousel\" data-id=\"413b3a0b\" data-element_type=\"widget\" data-e-type=\"widget\" data-settings=\"{&quot;slides_to_show&quot;:&quot;8&quot;,&quot;slides_to_scroll&quot;:&quot;4&quot;,&quot;navigation&quot;:&quot;both&quot;,&quot;autoplay&quot;:&quot;yes&quot;,&quot;pause_on_hover&quot;:&quot;yes&quot;,&quot;pause_on_interaction&quot;:&quot;yes&quot;,&quot;autoplay_speed&quot;:5000,&quot;infinite&quot;:&quot;yes&quot;,&quot;speed&quot;:500}\" data-widget_type=\"image-carousel.default\">\n\t\t\t\t<div class=\"elementor-widget-container\">\n\t\t\t\t\t\t\t<div class=\"elementor-image-carousel-wrapper swiper\" role=\"region\" aria-roledescription=\"carousel\" aria-label=\"Carrousel d\u2019images\" dir=\"ltr\">\n\t\t\t<div class=\"elementor-image-carousel swiper-wrapper\" aria-live=\"off\">\n\t\t\t\t\t\t\t\t<div class=\"swiper-slide\" role=\"group\" aria-roledescription=\"slide\" aria-label=\"1 of 11\" data-no-translation-aria-label=\"\"><figure class=\"swiper-slide-inner\"><img decoding=\"async\" class=\"swiper-slide-image\" src=\"https:\/\/u-glisse.com\/wp-content\/uploads\/2022\/04\/logo-aeon-final-CMYK_2-alpes-badge-couleur-768x432.png\" alt=\"Les 2 Alpes\" \/><\/figure><\/div><div class=\"swiper-slide\" role=\"group\" aria-roledescription=\"slide\" aria-label=\"2 of 11\" data-no-translation-aria-label=\"\"><figure class=\"swiper-slide-inner\"><img decoding=\"async\" class=\"swiper-slide-image\" src=\"https:\/\/u-glisse.com\/wp-content\/uploads\/2021\/09\/7-Laux.png\" alt=\"7 Laux\" \/><\/figure><\/div><div class=\"swiper-slide\" role=\"group\" aria-roledescription=\"slide\" aria-label=\"3 of 11\" data-no-translation-aria-label=\"\"><figure class=\"swiper-slide-inner\"><img decoding=\"async\" class=\"swiper-slide-image\" src=\"https:\/\/u-glisse.com\/wp-content\/uploads\/2021\/09\/Chamrousse.png\" alt=\"Chamrousse\" \/><\/figure><\/div><div class=\"swiper-slide\" role=\"group\" aria-roledescription=\"slide\" aria-label=\"4 of 11\" data-no-translation-aria-label=\"\"><figure class=\"swiper-slide-inner\"><img decoding=\"async\" class=\"swiper-slide-image\" src=\"https:\/\/u-glisse.com\/wp-content\/uploads\/2022\/04\/alpe-huez-badge-couleur-768x432.png\" alt=\"Alpe d&#039;Huez\" \/><\/figure><\/div><div class=\"swiper-slide\" role=\"group\" aria-roledescription=\"slide\" aria-label=\"5 of 11\" data-no-translation-aria-label=\"\"><figure class=\"swiper-slide-inner\"><img decoding=\"async\" class=\"swiper-slide-image\" src=\"https:\/\/u-glisse.com\/wp-content\/uploads\/2023\/06\/Capture-decran-2023-06-22-a-10.40.22-768x384.png\" alt=\"Ekosport\" \/><\/figure><\/div><div class=\"swiper-slide\" role=\"group\" aria-roledescription=\"slide\" aria-label=\"6 of 11\" data-no-translation-aria-label=\"\"><figure class=\"swiper-slide-inner\"><img decoding=\"async\" class=\"swiper-slide-image\" src=\"https:\/\/u-glisse.com\/wp-content\/uploads\/2023\/06\/Capture-decran-2023-06-09-a-10.59.03-768x388.png\" alt=\"Horizon Montagne\" \/><\/figure><\/div><div class=\"swiper-slide\" role=\"group\" aria-roledescription=\"slide\" aria-label=\"7 of 11\" data-no-translation-aria-label=\"\"><figure class=\"swiper-slide-inner\"><img decoding=\"async\" class=\"swiper-slide-image\" src=\"https:\/\/u-glisse.com\/wp-content\/uploads\/2021\/09\/BAM.png\" alt=\"BAM\" \/><\/figure><\/div><div class=\"swiper-slide\" role=\"group\" aria-roledescription=\"slide\" aria-label=\"8 of 11\" data-no-translation-aria-label=\"\"><figure class=\"swiper-slide-inner\"><img decoding=\"async\" class=\"swiper-slide-image\" src=\"https:\/\/u-glisse.com\/wp-content\/uploads\/2021\/09\/Exo38.png\" alt=\"Exo 38\" \/><\/figure><\/div><div class=\"swiper-slide\" role=\"group\" aria-roledescription=\"slide\" aria-label=\"9 of 11\" data-no-translation-aria-label=\"\"><figure class=\"swiper-slide-inner\"><img decoding=\"async\" class=\"swiper-slide-image\" src=\"https:\/\/u-glisse.com\/wp-content\/uploads\/2021\/09\/Saloon.png\" alt=\"Saloon\" \/><\/figure><\/div><div class=\"swiper-slide\" role=\"group\" aria-roledescription=\"slide\" aria-label=\"10 of 11\" data-no-translation-aria-label=\"\"><figure class=\"swiper-slide-inner\"><img decoding=\"async\" class=\"swiper-slide-image\" src=\"https:\/\/u-glisse.com\/wp-content\/uploads\/2021\/09\/Kaktuss.png\" alt=\"Kaktuss\" \/><\/figure><\/div><div class=\"swiper-slide\" role=\"group\" aria-roledescription=\"slide\" aria-label=\"11 of 11\" data-no-translation-aria-label=\"\"><figure class=\"swiper-slide-inner\"><img decoding=\"async\" class=\"swiper-slide-image\" src=\"https:\/\/u-glisse.com\/wp-content\/uploads\/2023\/09\/Capture-decran-2023-09-18-a-10.11.23-768x388.png\" alt=\"Logo Adr\u00e9naline\" \/><\/figure><\/div>\t\t\t<\/div>\n\t\t\t\t\t\t\t\t\t\t\t\t<div class=\"elementor-swiper-button elementor-swiper-button-prev\" role=\"button\" tabindex=\"0\">\n\t\t\t\t\t\t<i aria-hidden=\"true\" class=\"eicon-chevron-left\"><\/i>\t\t\t\t\t<\/div>\n\t\t\t\t\t<div class=\"elementor-swiper-button elementor-swiper-button-next\" role=\"button\" tabindex=\"0\">\n\t\t\t\t\t\t<i aria-hidden=\"true\" class=\"eicon-chevron-right\"><\/i>\t\t\t\t\t<\/div>\n\t\t\t\t\n\t\t\t\t\t\t\t\t\t<div class=\"swiper-pagination\"><\/div>\n\t\t\t\t\t\t\t\t\t<\/div>\n\t\t\t\t\t\t<\/div>\n\t\t\t\t<\/div>\n\t\t\t\t<div class=\"elementor-element elementor-element-7e2a9e93 elementor-widget-divider--view-line elementor-widget elementor-widget-divider\" data-id=\"7e2a9e93\" data-element_type=\"widget\" data-e-type=\"widget\" data-widget_type=\"divider.default\">\n\t\t\t\t<div class=\"elementor-widget-container\">\n\t\t\t\t\t\t\t<div class=\"elementor-divider\">\n\t\t\t<span class=\"elementor-divider-separator\">\n\t\t\t\t\t\t<\/span>\n\t\t<\/div>\n\t\t\t\t\t\t<\/div>\n\t\t\t\t<\/div>\n\t\t\t\t\t<\/div>\n\t\t<\/div>\n\t\t\t\t\t<\/div>\n\t\t<\/section>\n\t\t\t\t<\/div>","protected":false},"excerpt":{"rendered":"<p>Nous trouver Piscine universitaire \/ CSU Horaires \u00e0 partir du 02\/04Les jeudis et vendredis de 12h30 \u00e0 13h30.Derni\u00e8re permanence jeudi 30 avril.Urgence [&hellip;]<\/p>\n","protected":false},"author":1,"featured_media":0,"parent":0,"menu_order":0,"comment_status":"closed","ping_status":"closed","template":"","meta":{"footnotes":""},"class_list":["post-150","page","type-page","status-publish","hentry"],"_links":{"self":[{"href":"https:\/\/u-glisse.com\/en\/wp-json\/wp\/v2\/pages\/150","targetHints":{"allow":["GET"]}}],"collection":[{"href":"https:\/\/u-glisse.com\/en\/wp-json\/wp\/v2\/pages"}],"about":[{"href":"https:\/\/u-glisse.com\/en\/wp-json\/wp\/v2\/types\/page"}],"author":[{"embeddable":true,"href":"https:\/\/u-glisse.com\/en\/wp-json\/wp\/v2\/users\/1"}],"replies":[{"embeddable":true,"href":"https:\/\/u-glisse.com\/en\/wp-json\/wp\/v2\/comments?post=150"}],"version-history":[{"count":332,"href":"https:\/\/u-glisse.com\/en\/wp-json\/wp\/v2\/pages\/150\/revisions"}],"predecessor-version":[{"id":9569,"href":"https:\/\/u-glisse.com\/en\/wp-json\/wp\/v2\/pages\/150\/revisions\/9569"}],"wp:attachment":[{"href":"https:\/\/u-glisse.com\/en\/wp-json\/wp\/v2\/media?parent=150"}],"curies":[{"name":"wp","href":"https:\/\/api.w.org\/{rel}","templated":true}]}}