{"id":187,"date":"2018-06-12T23:11:32","date_gmt":"2018-06-12T21:11:32","guid":{"rendered":"http:\/\/u-glisse.com\/?page_id=187"},"modified":"2026-04-28T13:19:28","modified_gmt":"2026-04-28T11:19:28","slug":"qui-sommes-nous","status":"publish","type":"page","link":"https:\/\/u-glisse.com\/en\/qui-sommes-nous\/","title":{"rendered":"who are we"},"content":{"rendered":"<div data-elementor-type=\"wp-page\" data-elementor-id=\"187\" class=\"elementor elementor-187\">\n\t\t\t\t\t\t<section class=\"elementor-section elementor-top-section elementor-element elementor-element-6927e157 elementor-section-stretched elementor-section-boxed elementor-section-height-default elementor-section-height-default\" data-id=\"6927e157\" data-element_type=\"section\" data-e-type=\"section\" data-settings=\"{&quot;stretch_section&quot;:&quot;section-stretched&quot;}\">\n\t\t\t\t\t\t<div class=\"elementor-container elementor-column-gap-default\">\n\t\t\t\t\t<div class=\"elementor-column elementor-col-100 elementor-top-column elementor-element elementor-element-44a8c191\" data-id=\"44a8c191\" data-element_type=\"column\" data-e-type=\"column\">\n\t\t\t<div class=\"elementor-widget-wrap elementor-element-populated\">\n\t\t\t\t\t\t<div class=\"elementor-element elementor-element-11ad3707 elementor-widget elementor-widget-heading\" data-id=\"11ad3707\" data-element_type=\"widget\" data-e-type=\"widget\" data-widget_type=\"heading.default\">\n\t\t\t\t<div class=\"elementor-widget-container\">\n\t\t\t\t\t<h2 class=\"elementor-heading-title elementor-size-default\">About us <\/h2>\t\t\t\t<\/div>\n\t\t\t\t<\/div>\n\t\t\t\t<div class=\"elementor-element elementor-element-6964ac9 elementor-widget elementor-widget-text-editor\" data-id=\"6964ac9\" data-element_type=\"widget\" data-e-type=\"widget\" data-widget_type=\"text-editor.default\">\n\t\t\t\t<div class=\"elementor-widget-container\">\n\t\t\t\t\t\t\t\t\t<p><span style=\"font-weight: bold;\">U-Glisse <\/span>a h\u00e9rit\u00e9 son nom de l&rsquo;ancienne association loi 1901 \u00c9cole de Ski des Universit\u00e9s de Grenoble qui avait \u00e9t\u00e9 cr\u00e9\u00e9e en 1974, puis rebaptis\u00e9e \u00c9cole de Glisse des Universit\u00e9s de Grenoble afin de prendre en compte l&rsquo;\u00e9mergence du snowboard.<br>Cette structure <strong>est<\/strong> <strong>d\u00e9sormais 100% SUAPS UGA.<\/strong><\/p>\n<p>Ses <strong>activit\u00e9s<\/strong> sont <strong>r\u00e9serv\u00e9es exclusivement aux \u00e9tudiants<\/strong>, de l&rsquo;Universit\u00e9 Grenoble Alpes bien \u00e9videmment mais aussi de toute la France et m\u00eame aux \u00e9tudiants \u00e9trangers. Il faut avoir au maximum 30 ans.<\/p>\n<p>Elle compte plus de 6000 adh\u00e9rents dont 75 coachs, plus de 33% d&rsquo;\u00e9tudiants \u00e9trangers de 94 nationalit\u00e9s diff\u00e9rentes.<\/p>\t\t\t\t\t\t\t\t<\/div>\n\t\t\t\t<\/div>\n\t\t\t\t<div class=\"elementor-element elementor-element-55839cc1 elementor-widget elementor-widget-image\" data-id=\"55839cc1\" data-element_type=\"widget\" data-e-type=\"widget\" data-widget_type=\"image.default\">\n\t\t\t\t<div class=\"elementor-widget-container\">\n\t\t\t\t\t\t\t\t\t\t\t\t\t\t\t<img decoding=\"async\" src=\"https:\/\/u-glisse.com\/wp-content\/uploads\/2020\/10\/logo-suaps-U-Glisse-UGA.png\" title=\"logo-suaps-U-Glisse-UGA\" alt=\"logo-suaps-U-Glisse-UGA\" loading=\"lazy\" \/>\t\t\t\t\t\t\t\t\t\t\t\t\t\t\t<\/div>\n\t\t\t\t<\/div>\n\t\t\t\t<div class=\"elementor-element elementor-element-3b064e elementor-widget elementor-widget-text-editor\" data-id=\"3b064e\" data-element_type=\"widget\" data-e-type=\"widget\" data-widget_type=\"text-editor.default\">\n\t\t\t\t<div class=\"elementor-widget-container\">\n\t\t\t\t\t\t\t\t\t<p><u>The<\/u><b><u> objective of the structure<\/u><\/b><\/p><p>U-Glisse based in the heart of the capital of the Alps, aims to <strong>democratize skiing<\/strong> dans le milieu \u00e9tudiant, en proposant suite \u00e0 une\u00a0adh\u00e9sion, des\u00a0<strong>rates<\/strong>\u00a0skipasses <strong>ultra-preferential<\/strong> et exclusifs dans quelques unes des meilleures\u00a0stations de ski\u00a0fran\u00e7aises. Mais la d\u00e9mocratisation c&rsquo;est aussi la d\u00e9couverte et l&rsquo;encadrement. C&rsquo;est pourquoi U-Glisse propose \u00e0 tous ses adh\u00e9rents des <strong><a href=\"http:\/\/u-glisse.com\/en\/?page_id=326\">,<\/a> free<\/strong> for <strong>every<\/strong> level <strong>of practice<\/strong>, from beginners to the most experienced in skiing and snowboarding.<br \/>Ces <strong>,<\/strong> sont <strong>dispens\u00e9s<\/strong> par une \u00e9quipe de <strong>coachs \u00e9tudiants<\/strong> et b\u00e9n\u00e9voles <strong>form\u00e9s<\/strong> sp\u00e9cialement pour et <strong>par U-Glisse<\/strong> et encadrant sous la responsabilit\u00e9 des\u00a0professeurs\u00a0de l&rsquo;Universit\u00e9 Grenoble Alpes. U-Glisse propose \u00e9galement, des\u00a0<strong><a style=\"background-color: #ffffff;\" href=\"http:\/\/u-glisse.com\/en\/?page_id=484\">transport<\/a><\/strong>\u00a0at broken prices and many\u00a0<strong><a style=\"background-color: #ffffff;\" href=\"http:\/\/u-glisse.com\/en\/?page_id=172\">reductions<\/a><\/strong>\u00a0in its partners.\u00a0<\/p>\t\t\t\t\t\t\t\t<\/div>\n\t\t\t\t<\/div>\n\t\t\t\t\t<\/div>\n\t\t<\/div>\n\t\t\t\t\t<\/div>\n\t\t<\/section>\n\t\t\t\t<section class=\"elementor-section elementor-top-section elementor-element elementor-element-7d5d75f2 elementor-section-stretched elementor-section-full_width elementor-section-height-default elementor-section-height-default\" data-id=\"7d5d75f2\" data-element_type=\"section\" data-e-type=\"section\" data-settings=\"{&quot;stretch_section&quot;:&quot;section-stretched&quot;}\">\n\t\t\t\t\t\t<div class=\"elementor-container elementor-column-gap-default\">\n\t\t\t\t\t<div class=\"elementor-column elementor-col-100 elementor-top-column elementor-element elementor-element-77f32cc2\" data-id=\"77f32cc2\" data-element_type=\"column\" data-e-type=\"column\">\n\t\t\t<div class=\"elementor-widget-wrap elementor-element-populated\">\n\t\t\t\t\t\t<div class=\"elementor-element elementor-element-30dfc4f4 elementor-widget elementor-widget-spacer\" data-id=\"30dfc4f4\" data-element_type=\"widget\" data-e-type=\"widget\" data-widget_type=\"spacer.default\">\n\t\t\t\t<div class=\"elementor-widget-container\">\n\t\t\t\t\t\t\t<div class=\"elementor-spacer\">\n\t\t\t<div class=\"elementor-spacer-inner\"><\/div>\n\t\t<\/div>\n\t\t\t\t\t\t<\/div>\n\t\t\t\t<\/div>\n\t\t\t\t<div class=\"elementor-element elementor-element-652ebd8e elementor-widget-divider--view-line elementor-widget elementor-widget-divider\" data-id=\"652ebd8e\" data-element_type=\"widget\" data-e-type=\"widget\" data-widget_type=\"divider.default\">\n\t\t\t\t<div class=\"elementor-widget-container\">\n\t\t\t\t\t\t\t<div class=\"elementor-divider\">\n\t\t\t<span class=\"elementor-divider-separator\">\n\t\t\t\t\t\t<\/span>\n\t\t<\/div>\n\t\t\t\t\t\t<\/div>\n\t\t\t\t<\/div>\n\t\t\t\t<div class=\"elementor-element elementor-element-5041957b elementor-arrows-position-inside elementor-pagination-position-outside elementor-widget elementor-widget-image-carousel\" data-id=\"5041957b\" data-element_type=\"widget\" data-e-type=\"widget\" data-settings=\"{&quot;slides_to_show&quot;:&quot;8&quot;,&quot;slides_to_scroll&quot;:&quot;4&quot;,&quot;navigation&quot;:&quot;both&quot;,&quot;autoplay&quot;:&quot;yes&quot;,&quot;pause_on_hover&quot;:&quot;yes&quot;,&quot;pause_on_interaction&quot;:&quot;yes&quot;,&quot;autoplay_speed&quot;:5000,&quot;infinite&quot;:&quot;yes&quot;,&quot;speed&quot;:500}\" data-widget_type=\"image-carousel.default\">\n\t\t\t\t<div class=\"elementor-widget-container\">\n\t\t\t\t\t\t\t<div class=\"elementor-image-carousel-wrapper swiper\" role=\"region\" aria-roledescription=\"carousel\" aria-label=\"Carrousel d\u2019images\" dir=\"ltr\">\n\t\t\t<div class=\"elementor-image-carousel swiper-wrapper\" aria-live=\"off\">\n\t\t\t\t\t\t\t\t<div class=\"swiper-slide\" role=\"group\" aria-roledescription=\"slide\" aria-label=\"1 sur 11\"><figure class=\"swiper-slide-inner\"><img decoding=\"async\" class=\"swiper-slide-image\" src=\"https:\/\/u-glisse.com\/wp-content\/uploads\/2022\/04\/logo-aeon-final-CMYK_2-alpes-badge-couleur-768x432.png\" alt=\"Les 2 Alpes\" \/><\/figure><\/div><div class=\"swiper-slide\" role=\"group\" aria-roledescription=\"slide\" aria-label=\"2 sur 11\"><figure class=\"swiper-slide-inner\"><img decoding=\"async\" class=\"swiper-slide-image\" src=\"https:\/\/u-glisse.com\/wp-content\/uploads\/2021\/09\/Chamrousse.png\" alt=\"Chamrousse\" \/><\/figure><\/div><div class=\"swiper-slide\" role=\"group\" aria-roledescription=\"slide\" aria-label=\"3 sur 11\"><figure class=\"swiper-slide-inner\"><img decoding=\"async\" class=\"swiper-slide-image\" src=\"https:\/\/u-glisse.com\/wp-content\/uploads\/2021\/09\/7-Laux.png\" alt=\"7 Laux\" \/><\/figure><\/div><div class=\"swiper-slide\" role=\"group\" aria-roledescription=\"slide\" aria-label=\"4 sur 11\"><figure class=\"swiper-slide-inner\"><img decoding=\"async\" class=\"swiper-slide-image\" src=\"https:\/\/u-glisse.com\/wp-content\/uploads\/2021\/09\/Alpe-dHuez-1.png\" alt=\"Alpe d&#039;Huez\" \/><\/figure><\/div><div class=\"swiper-slide\" role=\"group\" aria-roledescription=\"slide\" aria-label=\"5 sur 11\"><figure class=\"swiper-slide-inner\"><img decoding=\"async\" class=\"swiper-slide-image\" src=\"https:\/\/u-glisse.com\/wp-content\/uploads\/2023\/06\/Capture-decran-2023-06-09-a-10.59.03-768x388.png\" alt=\"Horizon Montagne\" \/><\/figure><\/div><div class=\"swiper-slide\" role=\"group\" aria-roledescription=\"slide\" aria-label=\"6 sur 11\"><figure class=\"swiper-slide-inner\"><img decoding=\"async\" class=\"swiper-slide-image\" src=\"https:\/\/u-glisse.com\/wp-content\/uploads\/2023\/06\/Capture-decran-2023-06-22-a-10.40.22-768x384.png\" alt=\"Ekosport\" \/><\/figure><\/div><div class=\"swiper-slide\" role=\"group\" aria-roledescription=\"slide\" aria-label=\"7 sur 11\"><figure class=\"swiper-slide-inner\"><img decoding=\"async\" class=\"swiper-slide-image\" src=\"https:\/\/u-glisse.com\/wp-content\/uploads\/2021\/09\/BAM.png\" alt=\"BAM\" \/><\/figure><\/div><div class=\"swiper-slide\" role=\"group\" aria-roledescription=\"slide\" aria-label=\"8 sur 11\"><figure class=\"swiper-slide-inner\"><img decoding=\"async\" class=\"swiper-slide-image\" src=\"https:\/\/u-glisse.com\/wp-content\/uploads\/2021\/09\/Exo38.png\" alt=\"Exo 38\" \/><\/figure><\/div><div class=\"swiper-slide\" role=\"group\" aria-roledescription=\"slide\" aria-label=\"9 sur 11\"><figure class=\"swiper-slide-inner\"><img decoding=\"async\" class=\"swiper-slide-image\" src=\"https:\/\/u-glisse.com\/wp-content\/uploads\/2021\/09\/Saloon.png\" alt=\"Saloon\" \/><\/figure><\/div><div class=\"swiper-slide\" role=\"group\" aria-roledescription=\"slide\" aria-label=\"10 sur 11\"><figure class=\"swiper-slide-inner\"><img decoding=\"async\" class=\"swiper-slide-image\" src=\"https:\/\/u-glisse.com\/wp-content\/uploads\/2021\/09\/Kaktuss.png\" alt=\"Kaktuss\" \/><\/figure><\/div><div class=\"swiper-slide\" role=\"group\" aria-roledescription=\"slide\" aria-label=\"11 sur 11\"><figure class=\"swiper-slide-inner\"><img decoding=\"async\" class=\"swiper-slide-image\" src=\"https:\/\/u-glisse.com\/wp-content\/uploads\/2026\/04\/Capture-decran-2026-04-28-a-13.09.34-768x404.png\" alt=\"Le Collet d&#039;Allevard\" \/><\/figure><\/div>\t\t\t<\/div>\n\t\t\t\t\t\t\t\t\t\t\t\t<div class=\"elementor-swiper-button elementor-swiper-button-prev\" role=\"button\" tabindex=\"0\">\n\t\t\t\t\t\t<i aria-hidden=\"true\" class=\"eicon-chevron-left\"><\/i>\t\t\t\t\t<\/div>\n\t\t\t\t\t<div class=\"elementor-swiper-button elementor-swiper-button-next\" role=\"button\" tabindex=\"0\">\n\t\t\t\t\t\t<i aria-hidden=\"true\" class=\"eicon-chevron-right\"><\/i>\t\t\t\t\t<\/div>\n\t\t\t\t\n\t\t\t\t\t\t\t\t\t<div class=\"swiper-pagination\"><\/div>\n\t\t\t\t\t\t\t\t\t<\/div>\n\t\t\t\t\t\t<\/div>\n\t\t\t\t<\/div>\n\t\t\t\t<div class=\"elementor-element elementor-element-743fcd3b elementor-widget-divider--view-line elementor-widget elementor-widget-divider\" data-id=\"743fcd3b\" data-element_type=\"widget\" data-e-type=\"widget\" data-widget_type=\"divider.default\">\n\t\t\t\t<div class=\"elementor-widget-container\">\n\t\t\t\t\t\t\t<div class=\"elementor-divider\">\n\t\t\t<span class=\"elementor-divider-separator\">\n\t\t\t\t\t\t<\/span>\n\t\t<\/div>\n\t\t\t\t\t\t<\/div>\n\t\t\t\t<\/div>\n\t\t\t\t\t<\/div>\n\t\t<\/div>\n\t\t\t\t\t<\/div>\n\t\t<\/section>\n\t\t\t\t<\/div>","protected":false},"excerpt":{"rendered":"<p>Qui sommes nous ? U-Glisse a h\u00e9rit\u00e9 son nom de l&rsquo;ancienne association loi 1901 \u00c9cole de Ski des Universit\u00e9s de Grenoble qui [&hellip;]<\/p>\n","protected":false},"author":1,"featured_media":0,"parent":0,"menu_order":0,"comment_status":"closed","ping_status":"closed","template":"","meta":{"footnotes":""},"class_list":["post-187","page","type-page","status-publish","hentry"],"_links":{"self":[{"href":"https:\/\/u-glisse.com\/en\/wp-json\/wp\/v2\/pages\/187","targetHints":{"allow":["GET"]}}],"collection":[{"href":"https:\/\/u-glisse.com\/en\/wp-json\/wp\/v2\/pages"}],"about":[{"href":"https:\/\/u-glisse.com\/en\/wp-json\/wp\/v2\/types\/page"}],"author":[{"embeddable":true,"href":"https:\/\/u-glisse.com\/en\/wp-json\/wp\/v2\/users\/1"}],"replies":[{"embeddable":true,"href":"https:\/\/u-glisse.com\/en\/wp-json\/wp\/v2\/comments?post=187"}],"version-history":[{"count":50,"href":"https:\/\/u-glisse.com\/en\/wp-json\/wp\/v2\/pages\/187\/revisions"}],"predecessor-version":[{"id":9678,"href":"https:\/\/u-glisse.com\/en\/wp-json\/wp\/v2\/pages\/187\/revisions\/9678"}],"wp:attachment":[{"href":"https:\/\/u-glisse.com\/en\/wp-json\/wp\/v2\/media?parent=187"}],"curies":[{"name":"wp","href":"https:\/\/api.w.org\/{rel}","templated":true}]}}